{"id":2439,"date":"2026-02-22T19:38:43","date_gmt":"2026-02-22T18:38:43","guid":{"rendered":"https:\/\/marcostejedor.com\/?page_id=2439"},"modified":"2026-02-25T01:53:23","modified_gmt":"2026-02-25T00:53:23","slug":"politica-de-cookies","status":"publish","type":"page","link":"https:\/\/marcostejedor.com\/en\/politica-de-cookies\/","title":{"rendered":"Pol\u00edtica de cookies"},"content":{"rendered":"<div data-elementor-type=\"wp-page\" data-elementor-id=\"2439\" class=\"elementor elementor-2439\" data-elementor-post-type=\"page\">\n\t\t\t\t<div class=\"elementor-element elementor-element-432931e7 e-flex e-con-boxed e-con e-parent\" data-id=\"432931e7\" data-element_type=\"container\" data-e-type=\"container\" data-settings=\"{&quot;background_background&quot;:&quot;classic&quot;}\">\n\t\t\t\t\t<div class=\"e-con-inner\">\n\t\t\t\t<div class=\"elementor-element elementor-element-6f52a77e elementor-widget elementor-widget-text-editor\" data-id=\"6f52a77e\" data-element_type=\"widget\" data-e-type=\"widget\" data-widget_type=\"text-editor.default\">\n\t\t\t\t\t\t\t\t\t<p><\/p>\n<p class=\"wp-block-paragraph\">Esta web utiliza cookies propias y de terceros, que recogen informaci\u00f3n sobre h\u00e1bitos de navegaci\u00f3n para mejorar el servicio prestado por Natalideas y que pueden ser utilizadas por terceras partes para personalizar publicidad.<\/p><p>En cumplimiento con lo dispuesto en el art\u00edculo 22.2 de la Ley 34\/2002, de 11 de julio, de Servicios de la Sociedad de la Informaci\u00f3n y de Comercio Electr\u00f3nico, esta p\u00e1gina web le informa, en esta secci\u00f3n, sobre la pol\u00edtica de recogida y tratamiento de cookies.<\/p>\n<p><\/p>\n<h2 class=\"wp-block-heading\"><span style=\"color: #ffffff;\">POL\u00cdTICA DE COOKIES&nbsp;<\/span><\/h2>\n<p><\/p>\n<h2 class=\"wp-block-heading\">\u00bfQu\u00e9 son las cookies?<\/h2>\n<p><\/p>\n<p class=\"wp-block-paragraph\">Una cookie es un fichero que se descarga en su ordenador al acceder a determinadas p\u00e1ginas web. Las cookies permiten a una p\u00e1gina web, entre otras cosas, almacenar y recuperar informaci\u00f3n sobre los h\u00e1bitos de navegaci\u00f3n de un usuario o de su equipo y, dependiendo de la informaci\u00f3n que contengan y de la forma en que utilice su equipo, pueden utilizarse para reconocer al usuario.<br>Las cookies suelen almacenar informaci\u00f3n de car\u00e1cter t\u00e9cnico, preferencias personales, personalizaci\u00f3n de contenidos, estad\u00edsticas de uso, enlaces a redes sociales, acceso a cuentas de usuario, etc. El objetivo de la cookie es adaptar el contenido de la web a su perfil y necesidades, sin cookies los servicios ofrecidos por cualquier p\u00e1gina se ver\u00edan mermados notablemente.<\/p>\n<p><\/p>\n<h2 class=\"wp-block-heading\">\u00bfQu\u00e9 tipos de cookies utiliza esta p\u00e1gina web?<\/h2>\n<p><\/p>\n<p class=\"wp-block-paragraph\"><strong>\u2013 Cookies necesarias:<\/strong>&nbsp;Son aqu\u00e9llas que permiten al usuario la navegaci\u00f3n a trav\u00e9s de una p\u00e1gina web, plataforma o aplicaci\u00f3n y la utilizaci\u00f3n de las diferentes opciones o servicios que en ella existan. Son cruciales para las funciones b\u00e1sicas del sitio web y el sitio web no funcionar\u00e1 de la forma prevista sin ellas.<\/p>\n<p><\/p>\n<p class=\"wp-block-paragraph\"><strong>-Cookies funcionales<\/strong>: Ayudan a realizar ciertas funcionalidades, como compartir el contenido del sitio web en plataformas de redes sociales, recopilar comentarios y otras caracter\u00edsticas de terceros.<\/p>\n<p><\/p>\n<p class=\"wp-block-paragraph\">\u2013<strong>Cookies de personalizaci\u00f3n:<\/strong>&nbsp;Son aqu\u00e9llas que permiten al usuario acceder al servicio con algunas caracter\u00edsticas de car\u00e1cter general predefinidas en funci\u00f3n de una serie de criterios en el terminal del usuario como por ejemplo serian el idioma o el tipo de navegador a trav\u00e9s del cual accede al servicio.<\/p>\n<p><\/p>\n<p class=\"wp-block-paragraph\"><strong>-Cookies de anal\u00edtica:<\/strong>&nbsp;Se utilizan para comprender c\u00f3mo interact\u00faan los visitantes con el sitio web. Estas cookies ayudan a proporcionar informaci\u00f3n sobre m\u00e9tricas el n\u00famero de visitantes, el porcentaje de rebote, la fuente de tr\u00e1fico, etc.<\/p>\n<p><\/p>\n<p class=\"wp-block-paragraph\"><strong>-Cookies de rendimiento:<\/strong>&nbsp;Se utilizan para comprender y analizar los \u00edndices de rendimiento clave del sitio web, lo que ayuda a proporcionar una mejor experiencia de usuario para los visitantes.<\/p>\n<p><\/p>\n<p class=\"wp-block-paragraph\"><strong>-Cookies de publicidad:<\/strong>&nbsp;Estas cookies se utilizan para entregar a los visitantes anuncios personalizados basados en las p\u00e1ginas que visitaron antes y analizar la efectividad de la campa\u00f1a publicitaria.<\/p>\n<p><\/p>\n<h2 class=\"wp-block-heading\">C\u00f3mo desactivar las Cookies&nbsp;<\/h2>\n<p><\/p>\n<p class=\"wp-block-paragraph\">Puede cambiar sus preferencias de cookies en cualquier momento haciendo clic en el bot\u00f3n que aparece a continuaci\u00f3n. Esto le permitir\u00e1 volver a visitar el banner de consentimiento de cookies y cambiar sus preferencias o retirar su consentimiento de inmediato:<\/p>\n<p><\/p>\n<h2 class=\"wp-block-heading\">Ver mis preferencias de cookies&nbsp;<\/h2>\n<p><\/p>\n<p class=\"wp-block-paragraph\">Adicionalmente, puede usted permitir, bloquear o eliminar las cookies instaladas en su equipo mediante la configuraci\u00f3n de las opciones del navegador instalado en su ordenador.<\/p><p>A continuaci\u00f3n puede acceder a la configuraci\u00f3n de los navegadores webs m\u00e1s frecuentes para aceptar, instalar o desactivar las cookies:<\/p><p>\u2013 Firefox<br>\u2013 Safari<br>\u2013 Google Chrome<br>\u2013 Explorer<\/p>\n<p><\/p>\n<p class=\"wp-block-paragraph\">La desactivaci\u00f3n de Cookies puede provocar en la web una navegaci\u00f3n menos fluida y que algunos de nuestros servicios dejen de funcionar correctamente. De hecho, cualquier funcionalidad donde sea necesario ser usuario registrado y estar logueado directamente no funcionar\u00e1.<\/p>\n<p>Notas adicionales<\/p><p>Ni esta web ni sus representantes legales se hacen responsables ni del contenido ni de la veracidad de las pol\u00edticas de privacidad que puedan tener los terceros mencionados en esta pol\u00edtica de cookies.<\/p><p>Los navegadores web son las herramientas encargadas de almacenar las cookies y desde este lugar debe efectuar su derecho a eliminaci\u00f3n o desactivaci\u00f3n de las mismas. Ni esta web ni sus representantes legales pueden garantizar la correcta o incorrecta manipulaci\u00f3n de las cookies por parte de los mencionados navegadores.<br>En algunos casos es necesario instalar cookies para que el navegador no olvide su decisi\u00f3n de no aceptaci\u00f3n de las mismas.<\/p><p>En el caso de las cookies de Google Analytics, esta empresa almacena las cookies en servidores ubicados en Estados Unidos y se compromete a no compartirla con terceros, excepto en los casos en los que sea necesario para el funcionamiento del sistema o cuando la ley obligue a tal efecto. Seg\u00fan Google no guarda su direcci\u00f3n IP. Google Inc. es una compa\u00f1\u00eda adherida al Acuerdo de Puerto Seguro que garantiza que todos los datos transferidos ser\u00e1n tratados con un nivel de protecci\u00f3n acorde a la normativa europea. Puede consultar informaci\u00f3n detallada a este respecto en este enlace. Si desea informaci\u00f3n sobre el uso que Google da a las cookies le adjuntamos este otro enlace.<\/p>\n<p><\/p>\n<p class=\"wp-block-paragraph\">Para cualquier duda o consulta acerca de esta pol\u00edtica de cookies no dude en comunicarse con nosotros a trav\u00e9s de la secci\u00f3n de contacto.<\/p>\n<p><\/p>\t\t\t\t\t\t\t\t<\/div>\n\t\t\t\t\t<\/div>\n\t\t\t\t<\/div>\n\t\t\t\t<\/div>","protected":false},"excerpt":{"rendered":"<p>Esta web utiliza cookies propias y de terceros, que recogen informaci\u00f3n sobre h\u00e1bitos de navegaci\u00f3n para mejorar el servicio prestado por Natalideas y que pueden ser utilizadas por terceras partes para personalizar publicidad. En cumplimiento con lo dispuesto en el art\u00edculo 22.2 de la Ley 34\/2002, de 11 de julio, de Servicios de la Sociedad [&hellip;]<\/p>\n","protected":false},"author":277266443,"featured_media":2394,"parent":0,"menu_order":0,"comment_status":"closed","ping_status":"closed","template":"","meta":{"_crdt_document":"","footnotes":""},"class_list":["post-2439","page","type-page","status-publish","has-post-thumbnail","hentry"],"jetpack_likes_enabled":true,"jetpack_sharing_enabled":true,"jetpack_shortlink":"https:\/\/wp.me\/Ph5FYD-Dl","jetpack-related-posts":[{"id":2448,"url":"https:\/\/marcostejedor.com\/en\/politica-de-privacidad\/","url_meta":{"origin":2439,"position":0},"title":"Pol\u00edtica de privacidad","author":"marcostejedorartwork","date":"22 de February de 2026","format":false,"excerpt":"Esta Pol\u00edtica de Privacidad describe c\u00f3mo se recopila, utiliza y comparte tu informaci\u00f3n personal cuando visitas o realizas una compra en marcostejedor.com. Qu\u00e9 informaci\u00f3n personal recopilamos\u00a0 Cuando visitas el Sitio, recopilamos autom\u00e1ticamente cierta informaci\u00f3n sobre tu dispositivo, incluida informaci\u00f3n sobre tu navegador web, direcci\u00f3n IP, zona horaria y algunas de\u2026","rel":"","context":"Similar post","block_context":{"text":"Similar post","link":""},"img":{"alt_text":"","src":"https:\/\/i0.wp.com\/marcostejedor.com\/wp-content\/uploads\/2026\/02\/cropped-cropped-favicon512.png?fit=512%2C512&ssl=1&resize=350%2C200","width":350,"height":200},"classes":[]},{"id":2399,"url":"https:\/\/marcostejedor.com\/en\/aviso-legal-marcos-tejedor\/","url_meta":{"origin":2439,"position":1},"title":"Aviso Legal Marcos Tejedor","author":"marcostejedorartwork","date":"22 de February de 2026","format":false,"excerpt":"\u00a0 AVISO LEGAL\u00a0 \u00a0 Objeto\u00a0 El presente aviso legal regula el uso y utilizaci\u00f3n del sitio web www.marcostejedor.com, del que es titular Marcos Tejedor Nistal (en adelante, EL PROPIETARIO DE LA WEB). La navegaci\u00f3n por el sitio web de EL PROPIETARIO DE LA WEB le atribuye la condici\u00f3n de USUARIO\u2026","rel":"","context":"Similar post","block_context":{"text":"Similar post","link":""},"img":{"alt_text":"","src":"https:\/\/i0.wp.com\/marcostejedor.com\/wp-content\/uploads\/2026\/02\/cropped-cropped-favicon512.png?fit=512%2C512&ssl=1&resize=350%2C200","width":350,"height":200},"classes":[]},{"id":2455,"url":"https:\/\/marcostejedor.com\/en\/condiciones-de-compra\/","url_meta":{"origin":2439,"position":2},"title":"Condiciones de compra","author":"marcostejedorartwork","date":"22 de February de 2026","format":false,"excerpt":"CONDICIONES DE COMPRA Todas las compras que se realicen a trav\u00e9s del portal natalideas.com (en adelante, la Web), propiedad de Marcos Tejedor (en adelante, MARCOSTEJEDOR), est\u00e1n sujetas a las condiciones generales recogidas en el aviso legal. Las Condiciones Generales prevalecen sobre las Condiciones de Compra On-line. Todos los productos y\u2026","rel":"","context":"Similar post","block_context":{"text":"Similar post","link":""},"img":{"alt_text":"","src":"https:\/\/i0.wp.com\/marcostejedor.com\/wp-content\/uploads\/2026\/02\/cropped-cropped-favicon512.png?fit=512%2C512&ssl=1&resize=350%2C200","width":350,"height":200},"classes":[]},{"id":2024,"url":"https:\/\/marcostejedor.com\/en\/mujeres-sobre-fondo-rojo\/","url_meta":{"origin":2439,"position":3},"title":"WOMEN ON A RED BACKGROUND","author":"marcostejedorartwork","date":"18 de February de 2026","format":false,"excerpt":"Mujeres Sobre Fondo Rojo nace de la pasi\u00f3n por el dibujo anat\u00f3mico femenino de Tejedor. Con una paleta muy limitada pero intensa, las mujeres, completamente azules, destacan sobre el fondo rojo cadmio oscuro, creando un contraste poderoso y expresivo. Los cuerpos, desnudos y cargados de erotismo, exploran la tensi\u00f3n entre\u2026","rel":"","context":"Similar post","block_context":{"text":"Similar post","link":""},"img":{"alt_text":"MARCOS TEJEDOR ARTE CONTEMPOR\u00c1NEO RETRATOS","src":"https:\/\/i0.wp.com\/marcostejedor.com\/wp-content\/uploads\/2026\/02\/cropped-PREVISUALIZACION.png?fit=512%2C512&ssl=1&resize=350%2C200","width":350,"height":200},"classes":[]},{"id":700,"url":"https:\/\/marcostejedor.com\/en\/about\/","url_meta":{"origin":2439,"position":4},"title":"ALTERNATIVE PRESENTS","author":"marcostejedorartwork","date":"14 de February de 2026","format":false,"excerpt":"En esta serie, el artista confronta al espectador con iconos de la cultura universal, desplaz\u00e1ndolos hacia un territorio donde el mito se vuelve contempor\u00e1neo y pol\u00edtico.\u00a0Sus retratos, de aparente sobriedad cl\u00e1sica, se tensionan con consignas que ironizan, denuncian o celebran.La obra oscila entre la admiraci\u00f3n y la irreverencia, entre el\u2026","rel":"","context":"Similar post","block_context":{"text":"Similar post","link":""},"img":{"alt_text":"MARCOS TEJEDOR ARTE CONTEMPOR\u00c1NEO RETRATOS","src":"https:\/\/i0.wp.com\/marcostejedor.com\/wp-content\/uploads\/2026\/02\/PREVISUALIZACION.png?fit=500%2C492&ssl=1&resize=350%2C200","width":350,"height":200},"classes":[]},{"id":692,"url":"https:\/\/marcostejedor.com\/en\/works\/","url_meta":{"origin":2439,"position":5},"title":"WORKS","author":"marcostejedorartwork","date":"14 de February de 2026","format":false,"excerpt":"El trabajo de Marcos Tejedor parte de la imagen reconocible: rostros que ya existen en la memoria colectiva, iconos que forman parte de un imaginario com\u00fan. Su obra dialoga con la tradici\u00f3n del retrato contempor\u00e1neo, situ\u00e1ndose en un punto intermedio entre la construcci\u00f3n ic\u00f3nica asociada al pop art y una\u2026","rel":"","context":"Similar post","block_context":{"text":"Similar post","link":""},"img":{"alt_text":"MARCOS TEJEDOR ARTE CONTEMPOR\u00c1NEO RETRATOS","src":"https:\/\/i0.wp.com\/marcostejedor.com\/wp-content\/uploads\/2026\/02\/PREVISUALIZACION.png?fit=500%2C492&ssl=1&resize=350%2C200","width":350,"height":200},"classes":[]}],"_links":{"self":[{"href":"https:\/\/marcostejedor.com\/en\/wp-json\/wp\/v2\/pages\/2439","targetHints":{"allow":["GET"]}}],"collection":[{"href":"https:\/\/marcostejedor.com\/en\/wp-json\/wp\/v2\/pages"}],"about":[{"href":"https:\/\/marcostejedor.com\/en\/wp-json\/wp\/v2\/types\/page"}],"author":[{"embeddable":true,"href":"https:\/\/marcostejedor.com\/en\/wp-json\/wp\/v2\/users\/277266443"}],"replies":[{"embeddable":true,"href":"https:\/\/marcostejedor.com\/en\/wp-json\/wp\/v2\/comments?post=2439"}],"version-history":[{"count":17,"href":"https:\/\/marcostejedor.com\/en\/wp-json\/wp\/v2\/pages\/2439\/revisions"}],"predecessor-version":[{"id":2714,"href":"https:\/\/marcostejedor.com\/en\/wp-json\/wp\/v2\/pages\/2439\/revisions\/2714"}],"wp:featuredmedia":[{"embeddable":true,"href":"https:\/\/marcostejedor.com\/en\/wp-json\/wp\/v2\/media\/2394"}],"wp:attachment":[{"href":"https:\/\/marcostejedor.com\/en\/wp-json\/wp\/v2\/media?parent=2439"}],"curies":[{"name":"wp","href":"https:\/\/api.w.org\/{rel}","templated":true}]}}