{"id":2448,"date":"2026-02-22T19:49:55","date_gmt":"2026-02-22T18:49:55","guid":{"rendered":"https:\/\/marcostejedor.com\/?page_id=2448"},"modified":"2026-02-25T01:54:27","modified_gmt":"2026-02-25T00:54:27","slug":"politica-de-privacidad","status":"publish","type":"page","link":"https:\/\/marcostejedor.com\/en\/politica-de-privacidad\/","title":{"rendered":"Pol\u00edtica de privacidad"},"content":{"rendered":"<div data-elementor-type=\"wp-page\" data-elementor-id=\"2448\" class=\"elementor elementor-2448\" data-elementor-post-type=\"page\">\n\t\t\t\t<div class=\"elementor-element elementor-element-42fb725d e-flex e-con-boxed e-con e-parent\" data-id=\"42fb725d\" data-element_type=\"container\" data-e-type=\"container\" data-settings=\"{&quot;background_background&quot;:&quot;classic&quot;}\">\n\t\t\t\t\t<div class=\"e-con-inner\">\n\t\t\t\t<div class=\"elementor-element elementor-element-79bbfb35 elementor-widget elementor-widget-text-editor\" data-id=\"79bbfb35\" data-element_type=\"widget\" data-e-type=\"widget\" data-widget_type=\"text-editor.default\">\n\t\t\t\t\t\t\t\t\t<p>Esta Pol\u00edtica de Privacidad describe c\u00f3mo se recopila, utiliza y comparte tu informaci\u00f3n personal cuando visitas o realizas una compra en marcostejedor.com.<\/p>\n<p><!-- \/wp:paragraph --><!-- wp:heading --><\/p>\n<h2 class=\"wp-block-heading\">Qu\u00e9 informaci\u00f3n personal recopilamos\u00a0<\/h2>\n<p><!-- \/wp:heading --><!-- wp:paragraph --><\/p>\n<p>Cuando visitas el Sitio, recopilamos autom\u00e1ticamente cierta informaci\u00f3n sobre tu dispositivo, incluida informaci\u00f3n sobre tu navegador web, direcci\u00f3n IP, zona horaria y algunas de las cookies que est\u00e1n instaladas en tu dispositivo.<\/p>\n<p>Adem\u00e1s, a medida que navegas por el Sitio, recopilamos informaci\u00f3n sobre las p\u00e1ginas web individuales o los productos que ves, qu\u00e9 sitios web o t\u00e9rminos de b\u00fasqueda te remiten al Sitio, e informaci\u00f3n sobre c\u00f3mo interact\u00faas con el Sitio. Nos referimos a esta informaci\u00f3n recopilada autom\u00e1ticamente como Informaci\u00f3n del Dispositivo (device information).<\/p>\n<p>Recopilamos informaci\u00f3n del dispositivo utilizando las siguientes tecnolog\u00edas:<\/p>\n<p>\u2022 Cookies: son archivos de datos que se colocan en tu dispositivo o computadora y con frecuencia incluyen un identificador \u00fanico an\u00f3nimo.<br \/>\u2022 Archivos de registro: rastrean las acciones que ocurren en el Sitio y recopilan datos, incluida tu direcci\u00f3n IP, el tipo de navegador, el proveedor de servicios de Internet, las p\u00e1ginas de referencia\/salida y las marcas de fecha y hora.<\/p>\n<p>Adem\u00e1s, cuando efect\u00faas una compra o intentas realizar una compra a trav\u00e9s del Sitio, recopilamos cierta informaci\u00f3n tuya, como tu nombre, direcci\u00f3n de facturaci\u00f3n, direcci\u00f3n de env\u00edo, informaci\u00f3n de pago, incluidos n\u00fameros de tarjetas de d\u00e9bito\/ cr\u00e9dito, direcci\u00f3n de email y el n\u00famero de tel\u00e9fono. Esto se denomina Informaci\u00f3n del Pedido.<\/p>\n<p><!-- \/wp:paragraph --><!-- wp:paragraph --><\/p>\n<p>Al referirnos a Informaci\u00f3n Personal en esta Pol\u00edtica de Privacidad, estamos hablando tanto de la Informaci\u00f3n del Dispositivo como de la Informaci\u00f3n del Pedido.<\/p>\n<p><!-- \/wp:paragraph --><!-- wp:heading --><\/p>\n<h2 class=\"wp-block-heading\">C\u00f3mo usamos tu informaci\u00f3n personal<\/h2>\n<p><!-- \/wp:heading --><!-- wp:paragraph --><\/p>\n<p>Utilizamos la Informaci\u00f3n de Pedido que recopilamos por lo general para cumplir con los pedidos realizados a trav\u00e9s del Sitio (incluido el procesamiento de tu informaci\u00f3n de pago, la organizaci\u00f3n del env\u00edo y el env\u00edo de facturas y\/o confirmaciones de pedidos).<\/p>\n<p>Adem\u00e1s, usamos esta Informaci\u00f3n del Pedido para: comunicarnos contigo, examinar nuestros pedidos para detectar posibles riesgos o fraudes, para (en l\u00ednea con las preferencias que has compartido con nosotros) ofrecerte informaci\u00f3n o publicidad relacionada con nuestros productos o servicios.<\/p>\n<p>Utilizamos la Informaci\u00f3n del Dispositivo que recopilamos para ayudarnos a detectar posibles riesgos y fraudes (en particular, tu direcci\u00f3n IP) y, en general, para mejorar y optimizar nuestro sitio.<\/p>\n<p><!-- \/wp:paragraph --><!-- wp:heading --><\/p>\n<h2 class=\"wp-block-heading\">Compartiendo tu informaci\u00f3n personal\u00a0<\/h2>\n<p><!-- \/wp:heading --><!-- wp:paragraph --><\/p>\n<p>Compartimos tu Informaci\u00f3n Personal con terceros para ayudarnos a utilizarla como se describi\u00f3 anteriormente.<\/p>\n<p>Tambi\u00e9n empleamos Google Analytics para ayudarnos a comprender c\u00f3mo nuestros clientes usan Natalideas. C\u00f3mo usa Google tu Informaci\u00f3n Personal..<\/p>\n<p>Finalmente, tambi\u00e9n podemos compartir tu Informaci\u00f3n Personal para cumplir con las leyes y regulaciones aplicables, para responder a una citaci\u00f3n, una orden de registro u otras solicitudes legales de informaci\u00f3n que recibimos, o para proteger nuestros derechos.<\/p>\n<p><!-- \/wp:paragraph --><!-- wp:heading --><\/p>\n<h2 class=\"wp-block-heading\">Tus derechos\u00a0<\/h2>\n<p><!-- \/wp:heading --><!-- wp:paragraph --><\/p>\n<p>Si eres un residente europeo, tienes derecho a acceder a la informaci\u00f3n personal que tenemos sobre ti y a solicitar que tu informaci\u00f3n personal se corrija, actualice o elimine.Si deseas ejercer este derecho, por favor cont\u00e1ctanos.<\/p>\n<p>Adem\u00e1s, si eres un residente europeo, notamos que estamos procesando tu informaci\u00f3n para cumplir con los contratos que podr\u00edamos tener contigo (por ejemplo, si realizas un pedido a trav\u00e9s del Sitio), o de otra manera para perseguir nuestros intereses comerciales leg\u00edtimos mencionados anteriormente.<\/p>\n<p><!-- \/wp:paragraph --><!-- wp:heading --><\/p>\n<h2 class=\"wp-block-heading\">Retenci\u00f3n de datos\u00a0<\/h2>\n<p><!-- \/wp:heading --><!-- wp:paragraph --><\/p>\n<p>Cuando realices un pedido a trav\u00e9s del Sitio, mantendremos tu Informaci\u00f3n de Pedido para nuestros registros a menos que y hasta que nos solicites eliminar esta informaci\u00f3n.<\/p>\n<p><!-- \/wp:paragraph --><!-- wp:heading --><\/p>\n<h2 class=\"wp-block-heading\">Menores\u00a0<\/h2>\n<p><!-- \/wp:heading --><!-- wp:paragraph --><\/p>\n<p>El Sitio no est\u00e1 destinado a personas menores de 18 a\u00f1os de edad.<\/p>\n<p><!-- \/wp:paragraph --><!-- wp:heading --><\/p>\n<h2 class=\"wp-block-heading\">Cambios\u00a0<\/h2>\n<p><!-- \/wp:heading --><!-- wp:paragraph --><\/p>\n<p>Podemos actualizar esta pol\u00edtica de privacidad de vez en cuando para reflejar, por ejemplo, cambios en nuestras pr\u00e1cticas o por otras razones operativas, legales o reglamentarias.<\/p>\n<p>Si tiene preguntas y\/o necesitas m\u00e1s informaci\u00f3n, no dudes en ponerte en contacto con nosotros en la direcci\u00f3n marcostejedor@gmail.com<\/p>\n<p><!-- \/wp:paragraph --><\/p>\t\t\t\t\t\t\t\t<\/div>\n\t\t\t\t\t<\/div>\n\t\t\t\t<\/div>\n\t\t\t\t<\/div>","protected":false},"excerpt":{"rendered":"<p>Esta Pol\u00edtica de Privacidad describe c\u00f3mo se recopila, utiliza y comparte tu informaci\u00f3n personal cuando visitas o realizas una compra en marcostejedor.com. Qu\u00e9 informaci\u00f3n personal recopilamos\u00a0 Cuando visitas el Sitio, recopilamos autom\u00e1ticamente cierta informaci\u00f3n sobre tu dispositivo, incluida informaci\u00f3n sobre tu navegador web, direcci\u00f3n IP, zona horaria y algunas de las cookies que est\u00e1n instaladas [&hellip;]<\/p>\n","protected":false},"author":277266443,"featured_media":2394,"parent":0,"menu_order":0,"comment_status":"closed","ping_status":"closed","template":"","meta":{"_crdt_document":"","footnotes":""},"class_list":["post-2448","page","type-page","status-publish","has-post-thumbnail","hentry"],"jetpack_likes_enabled":true,"jetpack_sharing_enabled":true,"jetpack_shortlink":"https:\/\/wp.me\/Ph5FYD-Du","jetpack-related-posts":[{"id":2439,"url":"https:\/\/marcostejedor.com\/en\/politica-de-cookies\/","url_meta":{"origin":2448,"position":0},"title":"Pol\u00edtica de cookies","author":"marcostejedorartwork","date":"22 de February de 2026","format":false,"excerpt":"Esta web utiliza cookies propias y de terceros, que recogen informaci\u00f3n sobre h\u00e1bitos de navegaci\u00f3n para mejorar el servicio prestado por Natalideas y que pueden ser utilizadas por terceras partes para personalizar publicidad.En cumplimiento con lo dispuesto en el art\u00edculo 22.2 de la Ley 34\/2002, de 11 de julio, de\u2026","rel":"","context":"Similar post","block_context":{"text":"Similar post","link":""},"img":{"alt_text":"","src":"https:\/\/i0.wp.com\/marcostejedor.com\/wp-content\/uploads\/2026\/02\/cropped-cropped-favicon512.png?fit=512%2C512&ssl=1&resize=350%2C200","width":350,"height":200},"classes":[]},{"id":2399,"url":"https:\/\/marcostejedor.com\/en\/aviso-legal-marcos-tejedor\/","url_meta":{"origin":2448,"position":1},"title":"Aviso Legal Marcos Tejedor","author":"marcostejedorartwork","date":"22 de February de 2026","format":false,"excerpt":"\u00a0 AVISO LEGAL\u00a0 \u00a0 Objeto\u00a0 El presente aviso legal regula el uso y utilizaci\u00f3n del sitio web www.marcostejedor.com, del que es titular Marcos Tejedor Nistal (en adelante, EL PROPIETARIO DE LA WEB). La navegaci\u00f3n por el sitio web de EL PROPIETARIO DE LA WEB le atribuye la condici\u00f3n de USUARIO\u2026","rel":"","context":"Similar post","block_context":{"text":"Similar post","link":""},"img":{"alt_text":"","src":"https:\/\/i0.wp.com\/marcostejedor.com\/wp-content\/uploads\/2026\/02\/cropped-cropped-favicon512.png?fit=512%2C512&ssl=1&resize=350%2C200","width":350,"height":200},"classes":[]},{"id":2455,"url":"https:\/\/marcostejedor.com\/en\/condiciones-de-compra\/","url_meta":{"origin":2448,"position":2},"title":"Condiciones de compra","author":"marcostejedorartwork","date":"22 de February de 2026","format":false,"excerpt":"CONDICIONES DE COMPRA Todas las compras que se realicen a trav\u00e9s del portal natalideas.com (en adelante, la Web), propiedad de Marcos Tejedor (en adelante, MARCOSTEJEDOR), est\u00e1n sujetas a las condiciones generales recogidas en el aviso legal. Las Condiciones Generales prevalecen sobre las Condiciones de Compra On-line. Todos los productos y\u2026","rel":"","context":"Similar post","block_context":{"text":"Similar post","link":""},"img":{"alt_text":"","src":"https:\/\/i0.wp.com\/marcostejedor.com\/wp-content\/uploads\/2026\/02\/cropped-cropped-favicon512.png?fit=512%2C512&ssl=1&resize=350%2C200","width":350,"height":200},"classes":[]},{"id":668,"url":"https:\/\/marcostejedor.com\/en\/contact\/","url_meta":{"origin":2448,"position":3},"title":"CONTACT","author":"marcostejedorartwork","date":"14 de February de 2026","format":false,"excerpt":"Contacto Para adquisici\u00f3n de obra o consultas profesionales, utilice el siguiente formulario.Si est\u00e1 interesado en una pieza, indique el t\u00edtulo de la obra. Le responderemos personalmente con la informaci\u00f3n disponible.","rel":"","context":"Similar post","block_context":{"text":"Similar post","link":""},"img":{"alt_text":"MARCOS TEJEDOR ARTE CONTEMPOR\u00c1NEO RETRATOS","src":"https:\/\/i0.wp.com\/marcostejedor.com\/wp-content\/uploads\/2026\/02\/PREVISUALIZACION.png?fit=500%2C492&ssl=1&resize=350%2C200","width":350,"height":200},"classes":[]},{"id":688,"url":"https:\/\/marcostejedor.com\/en\/skills\/","url_meta":{"origin":2448,"position":4},"title":"PORTRAITS 2024\/25","author":"marcostejedorartwork","date":"14 de February de 2026","format":false,"excerpt":"Marcos Tejedor rinde aqu\u00ed un emotivo y sincero homenaje a iconos populares contempor\u00e1neos y del siglo XX. Figuras que han marcado la cultura de varias generaciones, interpretados a trav\u00e9s de un lenguaje pl\u00e1stico vibrante, donde el color fragmenta y reconstruye la identidad.Cada obra no busca la copia fiel, sino la\u2026","rel":"","context":"Similar post","block_context":{"text":"Similar post","link":""},"img":{"alt_text":"MARCOS TEJEDOR ARTE CONTEMPOR\u00c1NEO RETRATOS","src":"https:\/\/i0.wp.com\/marcostejedor.com\/wp-content\/uploads\/2026\/02\/PREVISUALIZACION.png?fit=500%2C492&ssl=1&resize=350%2C200","width":350,"height":200},"classes":[]},{"id":1604,"url":"https:\/\/marcostejedor.com\/en\/prints\/","url_meta":{"origin":2448,"position":5},"title":"PRINTS","author":"marcostejedorartwork","date":"16 de February de 2026","format":false,"excerpt":"Obra Impresa 50x70 cm Podemos reproducir cualquiera de las obras que se encuentran en la web y envi\u00e1rtelas a domicilio. Esta edici\u00f3n no es simplemente una l\u00e1mina: es una manera de acercarte al universo creativo del artista y formar parte de \u00e9l. Cada impresi\u00f3n lleva la firma original a l\u00e1piz\u2026","rel":"","context":"Similar post","block_context":{"text":"Similar post","link":""},"img":{"alt_text":"MARCOS TEJEDOR ARTE CONTEMPOR\u00c1NEO RETRATOS","src":"https:\/\/i0.wp.com\/marcostejedor.com\/wp-content\/uploads\/2026\/02\/cropped-PREVISUALIZACION.png?fit=512%2C512&ssl=1&resize=350%2C200","width":350,"height":200},"classes":[]}],"_links":{"self":[{"href":"https:\/\/marcostejedor.com\/en\/wp-json\/wp\/v2\/pages\/2448","targetHints":{"allow":["GET"]}}],"collection":[{"href":"https:\/\/marcostejedor.com\/en\/wp-json\/wp\/v2\/pages"}],"about":[{"href":"https:\/\/marcostejedor.com\/en\/wp-json\/wp\/v2\/types\/page"}],"author":[{"embeddable":true,"href":"https:\/\/marcostejedor.com\/en\/wp-json\/wp\/v2\/users\/277266443"}],"replies":[{"embeddable":true,"href":"https:\/\/marcostejedor.com\/en\/wp-json\/wp\/v2\/comments?post=2448"}],"version-history":[{"count":21,"href":"https:\/\/marcostejedor.com\/en\/wp-json\/wp\/v2\/pages\/2448\/revisions"}],"predecessor-version":[{"id":2715,"href":"https:\/\/marcostejedor.com\/en\/wp-json\/wp\/v2\/pages\/2448\/revisions\/2715"}],"wp:featuredmedia":[{"embeddable":true,"href":"https:\/\/marcostejedor.com\/en\/wp-json\/wp\/v2\/media\/2394"}],"wp:attachment":[{"href":"https:\/\/marcostejedor.com\/en\/wp-json\/wp\/v2\/media?parent=2448"}],"curies":[{"name":"wp","href":"https:\/\/api.w.org\/{rel}","templated":true}]}}