{"id":2455,"date":"2026-02-22T19:57:22","date_gmt":"2026-02-22T18:57:22","guid":{"rendered":"https:\/\/marcostejedor.com\/?page_id=2455"},"modified":"2026-02-25T01:52:52","modified_gmt":"2026-02-25T00:52:52","slug":"condiciones-de-compra","status":"publish","type":"page","link":"https:\/\/marcostejedor.com\/en\/condiciones-de-compra\/","title":{"rendered":"Condiciones de compra"},"content":{"rendered":"<div data-elementor-type=\"wp-page\" data-elementor-id=\"2455\" class=\"elementor elementor-2455\" data-elementor-post-type=\"page\">\n\t\t\t\t<div class=\"elementor-element elementor-element-416182eb e-flex e-con-boxed e-con e-parent\" data-id=\"416182eb\" data-element_type=\"container\" data-e-type=\"container\" data-settings=\"{&quot;background_background&quot;:&quot;classic&quot;}\">\n\t\t\t\t\t<div class=\"e-con-inner\">\n\t\t\t\t<div class=\"elementor-element elementor-element-4abdbccb elementor-widget elementor-widget-text-editor\" data-id=\"4abdbccb\" data-element_type=\"widget\" data-e-type=\"widget\" data-widget_type=\"text-editor.default\">\n\t\t\t\t\t\t\t\t\t<h2 class=\"wp-block-heading\"><span style=\"color: #ffffff;\"><strong>CONDICIONES DE COMPRA<\/strong><\/span><\/h2>\n<p><!-- \/wp:heading --><!-- wp:paragraph --><\/p>\n<p>Todas las compras que se realicen a trav\u00e9s del portal natalideas.com (en adelante, la Web), propiedad de Marcos Tejedor (en adelante, MARCOSTEJEDOR), est\u00e1n sujetas a las condiciones generales recogidas en el aviso legal. Las Condiciones Generales prevalecen sobre las Condiciones de Compra On-line.<\/p>\n<p>Todos los productos y servicios est\u00e1n sujetos a las siguientes condiciones. Al comprar en la Web, autom\u00e1ticamente acepta estas condiciones. Por favor, l\u00e9alas con atenci\u00f3n.<\/p>\n<p>Las presentes condiciones constituyen \u00edntegramente lo convenido entre las partes en lo referente a las transacciones on-line de compraventa entre MARCOSTEJEDOR y sus clientes. MARCOSTEJEDOR&nbsp;est\u00e1 facultado para modificar unilateralmente todas y cada una de las obligaciones dispuestas en las presentes condiciones, sin necesidad de previo aviso. Igualmente, est\u00e1 capacitado para reestructurar, modificar o eliminar cualquier informaci\u00f3n, servicio o contenido incluido en la Web, sin necesidad de previo aviso.<\/p>\n<p><!-- \/wp:paragraph --><!-- wp:paragraph --><\/p>\n<p>Una compra no es definitiva hasta que es aceptada por MARCOSTEJEDOR. MARCOSTEJEDOR se reserva el derecho de admisi\u00f3n y anulaci\u00f3n de cualquier pedido, pudiendo devolver el importe satisfecho por el cliente y quedando exenta de cualquier otra obligaci\u00f3n.<\/p>\n<p>La Web no exige la previa suscripci\u00f3n para la simple navegaci\u00f3n, acceso o utilizaci\u00f3n del servicio en cuesti\u00f3n. Por el contrario, para el acceso a determinados contenidos y servicios, se exigir\u00e1 la previa suscripci\u00f3n y su correspondiente registro como Usuario (de ahora en adelante Usuario Registrado).<\/p>\n<p><!-- \/wp:paragraph --><!-- wp:heading --><\/p>\n<h2 class=\"wp-block-heading\">Registro de usuario<\/h2>\n<p><!-- \/wp:heading --><!-- wp:paragraph --><\/p>\n<p>De conformidad con lo dispuesto anteriormente, MARCOSTEJEDOR se reserva algunos de los Servicios ofrecidos a trav\u00e9s de la Web a los Usuarios Registrados.<\/p>\n<p>Para comprar en la tienda online de MARCOSTEJEDOR debe registrarse en ella. Sus datos ser\u00e1n guardados y as\u00ed sus futuras compras ser\u00e1n m\u00e1s r\u00e1pidas. Para darse de alta y comprar en la tienda online debe ir al apartado \u201cReg\u00edstrate\u201d dentro de la secci\u00f3n de \u201cUsuario\u201d. Si ya est\u00e1 registrado para comprar en la tienda online y ha olvidado su contrase\u00f1a debe ir al apartado \u201cReg\u00edstrate\u201d, pulsar la opci\u00f3n \u00bfHas olvidado tu contrase\u00f1a? e insertar su direcci\u00f3n de e-mail y \u201cContinuar\u201d, e inmediatamente recibir\u00e1 un correo electr\u00f3nico con su contrase\u00f1a.<\/p>\n<p>El Usuario se compromete a seleccionar, usar y conservar su nombre de usuario o \u00ablogin\u00bb y su contrase\u00f1a o \u00abpassword\u00bb (en adelante y de modo conjunto las \u00abClaves de Acceso\u00bb) de conformidad con lo establecido en las cl\u00e1usulas siguientes.<\/p>\n<p><!-- \/wp:paragraph --><!-- wp:heading --><\/p>\n<h2 class=\"wp-block-heading\">Asignaci\u00f3n de las Claves de Acceso<\/h2>\n<p><!-- \/wp:heading --><!-- wp:paragraph --><\/p>\n<p>El Usuario tendr\u00e1 la opci\u00f3n de elegir e indicar su propio Password de acceso. El Usuario no podr\u00e1 elegir el Nombre de Usuario de otra forma que siendo una direcci\u00f3n de e-mail v\u00e1lida, a trav\u00e9s de la que se comunicar\u00e1 con MARCOSTEJEDOR.<\/p>\n<p><!-- \/wp:paragraph --><!-- wp:heading --><\/p>\n<h2 class=\"wp-block-heading\">Uso y Custodia<\/h2>\n<p><!-- \/wp:heading --><!-- wp:paragraph --><\/p>\n<p>El Usuario se compromete a hacer un uso l\u00edcito y diligente de la Clave de Acceso, as\u00ed como a no poner a disposici\u00f3n de terceros su Clave de Acceso.<\/p>\n<p>El Usuario se compromete a comunicar fehacientemente a MARCOSTEJEDOR a la mayor brevedad, la p\u00e9rdida o robo de las Claves de Acceso, as\u00ed como cualquier riesgo de acceso a las mismas por un tercero.<\/p>\n<p>La Clave de Acceso solamente podr\u00e1 ser utilizada por los Usuarios a la que se le haya asignado. MARCOSTEJEDOR queda exonerada de cualquier tipo de responsabilidad que se pueda devengar por los da\u00f1os y perjuicios causados o sufridos por el uso fraudulento o falta de diligencia en la guarda y custodia de la Clave de Acceso, p\u00e9rdida o uso contraviniendo lo dispuesto en estas Condiciones.<\/p>\n<p><!-- \/wp:paragraph --><!-- wp:heading --><\/p>\n<h2 class=\"wp-block-heading\">Baja de usuario<\/h2>\n<p><!-- \/wp:heading --><!-- wp:paragraph --><\/p>\n<p>En cualquier momento se puede solicitar la baja como Usuario Registrado enviando un correo electr\u00f3nico a marcostejedor@gmail.com explicitando los detalles del usuario a dar de baja.<\/p>\n<p><!-- \/wp:paragraph --><!-- wp:heading --><\/p>\n<h2 class=\"wp-block-heading\">Productos&nbsp;<\/h2>\n<p><!-- \/wp:heading --><!-- wp:paragraph --><\/p>\n<p>Todos los productos que se venden en esta p\u00e1gina web son nuevos y originales del fabricante.<\/p>\n<p>La informaci\u00f3n proporcionada no deber\u00e1 ser considerada en ning\u00fan momento ni completa ni exhaustiva debido a la variada gama de productos y servicios existentes en el sector. MARCOSTEJEDOR, por su parte, tratar\u00e1 en la medida de sus posibilidades de actualizar constantemente los precios de los productos mediante una comunicaci\u00f3n constante con los proveedores y fabricantes.<\/p><p>MARCOSTEJEDOR manifiesta que el producto ofrecido se suele corresponder con la fotograf\u00eda y descripci\u00f3n t\u00e9cnica del mismo. No obstante, queda exonerada de responsabilidad para aquellos supuestos en los que por errores t\u00e9cnicos o humanos hubiese equivocaciones o variaciones entre la fotograf\u00eda, la descripci\u00f3n t\u00e9cnica y el precio. Igualmente, se pone de manifiesto que las fotograf\u00edas tienen un mero car\u00e1cter orientativo pudiendo existir variaciones en lo que a su aspecto f\u00edsico respecta pero sin menoscabar la integridad y prestaciones del producto solicitado.<\/p>\n<p>MARCOSTEJEDOR se exonera de los contenidos, informaci\u00f3n, opiniones o comentarios difundidos a trav\u00e9s de la Web, ni responder\u00e1 del uso que el Usuario haga de esa informaci\u00f3n.<\/p>\n<p><!-- \/wp:paragraph --><!-- wp:heading --><\/p>\n<h2 class=\"wp-block-heading\">Lista de precios<\/h2>\n<p><!-- \/wp:heading --><!-- wp:paragraph --><\/p>\n<p>El precio de los productos est\u00e1 en EUROS e incluye los impuestos de Ley de acuerdo a la Legislaci\u00f3n Espa\u00f1ola. En el resumen final de compra se muestra el precio definitivo o total de la misma, indicando la cantidad correspondiente a precio del producto determinado y la cantidad correspondiente a los impuestos aplicables.<\/p>\n<p>En base a su pol\u00edtica comercial, MARCOSTEJEDOR podr\u00e1 realizar variaciones finales del precio ya sea por fidelizaci\u00f3n, por adquisici\u00f3n de productos de cierta entidad o relevancia as\u00ed como otros que pueda estipular MARCOSTEJEDOR en su debido momento. No obstante, ser\u00e1 NATALIDEAS qui\u00e9n libre y voluntariamente ofrezca estos descuentos y\/o rebajas, a quienes estime oportuno, no pudiendo ser exigidos ni solicitados en ning\u00fan momento por el cliente.<\/p>\n<p><!-- \/wp:paragraph --><!-- wp:paragraph --><\/p>\n<p>Los precios expuestos podr\u00e1n ser revisados y modificados en cualquier momento por MARCOSTEJEDOR.<\/p>\n<p>Una vez comprobado el pago se iniciar\u00e1 por parte de MARCOSTEJEDOR la tramitaci\u00f3n del pedido.<\/p>\n<p><!-- \/wp:paragraph --><!-- wp:heading --><\/p>\n<h2 class=\"wp-block-heading\">Formas de pago<\/h2>\n<p><!-- \/wp:heading --><!-- wp:paragraph --><\/p>\n<p>Una vez dentro de su cuenta ver\u00e1 su carrito y entonces deber\u00e1 pulsar \u201cConfirmar pedido\u201d y pasar\u00e1 al Env\u00edo y Pago. En esta parte, deber\u00e1 especificar si quiere que el pedido se env\u00ede a su direcci\u00f3n de registro o a otra diferente, y luego efectuar el pago seg\u00fan la modalidad elegida, pulsando sobre \u201cFinalizar pedido-Pedido de obligaci\u00f3n de pago\u201d. Una vez concluido el pago, visualizar\u00e1 la confirmaci\u00f3n de registro del pedido e inmediatamente recibir\u00e1 dicha confirmaci\u00f3n en su correo electr\u00f3nico.<\/p>\n<p>La factura ser\u00e1 emitida, con los datos que se hayan facilitado para ello, una vez est\u00e9 confirmado el pago del pedido y recibido y gestionado el mismo. Podr\u00e1 obtener la factura de las siguientes formas:<\/p>\n<p>\u2022 Descargar en su \u00e1rea personal.<\/p>\n<p><span style=\"font-family: var( --e-global-typography-text-font-family ), Sans-serif; font-size: var( --e-global-typography-text-font-size ); font-style: var( --e-global-typography-text-font-style ); text-transform: var( --e-global-typography-text-text-transform ); text-align: var(--text-align);\">\u2022 Env\u00edo a su direcci\u00f3n de correo electr\u00f3nico.<\/span><\/p>\n<p><!-- \/wp:paragraph --><!-- wp:heading --><\/p>\n<h2 class=\"wp-block-heading\">Opciones de pago<\/h2>\n<p><!-- \/wp:heading --><!-- wp:paragraph --><\/p>\n<p><strong>a) Tarjeta de Cr\u00e9dito: Visa o Mastercard<\/strong><\/p>\n<p>Con el objetivo de proporcionar mayor seguridad a los propietarios de las tarjetas de cr\u00e9dito, VISA ha incluido un n\u00famero de tres d\u00edgitos en sus tarjetas denominado CSC que sirve como c\u00f3digo de identificaci\u00f3n para verificar la presencia f\u00edsica de la tarjeta durante las transacciones a trav\u00e9s de Internet. Este n\u00famero de tres d\u00edgitos aparece impreso en el reverso de su tarjeta VISA (en la zona de firma), inmediatamente despu\u00e9s del n\u00famero de tarjeta. Con el prop\u00f3sito de prevenir transacciones fraudulentas con tarjetas de cr\u00e9dito, MARCOSTEJEDOR se reserva el derecho de solicitar a sus clientes dichos d\u00edgitos de control antes de realizar el env\u00edo del pedido.<\/p>\n<p>El fraude con tarjeta de cr\u00e9dito es un delito, y MARCOSTEJEDOR entablar\u00e1 acci\u00f3n judicial contra todo aquel que realice una transacci\u00f3n fraudulenta en nuestra tienda on-line.<\/p>\n<p>MARCOSTEJEDOR realiza un seguimiento de cada transacci\u00f3n y utilizar\u00e1 todos los medios disponibles por la Ley para que aquellas personas que realicen compras fraudulentas sean sancionadas por las autoridades.<\/p>\n<p><!-- \/wp:paragraph --><!-- wp:paragraph --><\/p>\n<p><strong>b) Bizum<\/strong><\/p>\n<p>Realiza tus compras online de manera r\u00e1pida y segura. S\u00f3lo tienes que elegir la opci\u00f3n \u201cPagar con Bizum\u201d, indicar tu n\u00famero de tel\u00e9fono y validar la operaci\u00f3n. Si quieres saber m\u00e1s sobre este m\u00e9todo de pago, visita bizum.es.<\/p>\n<p><!-- \/wp:paragraph --><!-- wp:heading --><\/p>\n<h2 class=\"wp-block-heading\">Garant\u00eda<\/h2>\n<p><!-- \/wp:heading --><!-- wp:paragraph --><\/p>\n<p><strong>Productos de terceros:<\/strong><\/p>\n<p>Los clientes de MARCOSTEJEDOR se benefician de la garant\u00eda dada por los distintos fabricantes de cada uno de los art\u00edculos.<br>MARCOSTEJEDOR no responder\u00e1 bajo ning\u00fan concepto de los posibles fallos o defectos que pudiesen tener los productos proporcionados. Ser\u00e1 el propio fabricante qui\u00e9n con su garant\u00eda responder\u00e1 de los posibles desperfectos que el producto albergase.<\/p>\n<p>Los defectos o desperfectos debidos a una incorrecta utilizaci\u00f3n o manipulaci\u00f3n del material o los desgastes producidos por un uso normal del mismo, no se incluyen en esta garant\u00eda.<\/p>\n<p>Las mermas en la funcionalidad de los art\u00edculos, debidas a las limitaciones de concepci\u00f3n de los mismos, tambi\u00e9n est\u00e1n excluidas de la cobertura de esta garant\u00eda.<\/p>\n<p><!-- \/wp:paragraph --><!-- wp:paragraph --><\/p>\n<p><strong>Productos propios:<\/strong><\/p>\n<p>Seg\u00fan la normativa vigente la garant\u00eda de los art\u00edculos es de 2 a\u00f1os. Para efectuar el derecho de garant\u00eda ha de realizarse la devoluci\u00f3n del producto conjuntamente con el embalaje original y siempre con la autorizaci\u00f3n previa del Departamento de Atenci\u00f3n al cliente a marcostejedor@gmail.com<\/p>\n<p>Los defectos o desperfectos debidos a una incorrecta utilizaci\u00f3n o manipulaci\u00f3n del material o los desgastes producidos por un uso normal del mismo, no se incluyen en esta garant\u00eda.<\/p>\n<p>Las mermas en la funcionalidad de los art\u00edculos, debidas a las limitaciones de concepci\u00f3n de los mismos, tambi\u00e9n est\u00e1n excluidas de la cobertura de esta garant\u00eda.<\/p>\n<p><!-- \/wp:paragraph --><\/p>\t\t\t\t\t\t\t\t<\/div>\n\t\t\t\t\t<\/div>\n\t\t\t\t<\/div>\n\t\t\t\t<\/div>","protected":false},"excerpt":{"rendered":"<p>CONDICIONES DE COMPRA Todas las compras que se realicen a trav\u00e9s del portal natalideas.com (en adelante, la Web), propiedad de Marcos Tejedor (en adelante, MARCOSTEJEDOR), est\u00e1n sujetas a las condiciones generales recogidas en el aviso legal. Las Condiciones Generales prevalecen sobre las Condiciones de Compra On-line. Todos los productos y servicios est\u00e1n sujetos a las [&hellip;]<\/p>\n","protected":false},"author":277266443,"featured_media":2394,"parent":0,"menu_order":0,"comment_status":"closed","ping_status":"closed","template":"","meta":{"_crdt_document":"","footnotes":""},"class_list":["post-2455","page","type-page","status-publish","has-post-thumbnail","hentry"],"jetpack_likes_enabled":true,"jetpack_sharing_enabled":true,"jetpack_shortlink":"https:\/\/wp.me\/Ph5FYD-DB","jetpack-related-posts":[{"id":2399,"url":"https:\/\/marcostejedor.com\/en\/aviso-legal-marcos-tejedor\/","url_meta":{"origin":2455,"position":0},"title":"Aviso Legal Marcos Tejedor","author":"marcostejedorartwork","date":"22 de February de 2026","format":false,"excerpt":"\u00a0 AVISO LEGAL\u00a0 \u00a0 Objeto\u00a0 El presente aviso legal regula el uso y utilizaci\u00f3n del sitio web www.marcostejedor.com, del que es titular Marcos Tejedor Nistal (en adelante, EL PROPIETARIO DE LA WEB). La navegaci\u00f3n por el sitio web de EL PROPIETARIO DE LA WEB le atribuye la condici\u00f3n de USUARIO\u2026","rel":"","context":"Similar post","block_context":{"text":"Similar post","link":""},"img":{"alt_text":"","src":"https:\/\/i0.wp.com\/marcostejedor.com\/wp-content\/uploads\/2026\/02\/cropped-cropped-favicon512.png?fit=512%2C512&ssl=1&resize=350%2C200","width":350,"height":200},"classes":[]},{"id":2448,"url":"https:\/\/marcostejedor.com\/en\/politica-de-privacidad\/","url_meta":{"origin":2455,"position":1},"title":"Pol\u00edtica de privacidad","author":"marcostejedorartwork","date":"22 de February de 2026","format":false,"excerpt":"Esta Pol\u00edtica de Privacidad describe c\u00f3mo se recopila, utiliza y comparte tu informaci\u00f3n personal cuando visitas o realizas una compra en marcostejedor.com. Qu\u00e9 informaci\u00f3n personal recopilamos\u00a0 Cuando visitas el Sitio, recopilamos autom\u00e1ticamente cierta informaci\u00f3n sobre tu dispositivo, incluida informaci\u00f3n sobre tu navegador web, direcci\u00f3n IP, zona horaria y algunas de\u2026","rel":"","context":"Similar post","block_context":{"text":"Similar post","link":""},"img":{"alt_text":"","src":"https:\/\/i0.wp.com\/marcostejedor.com\/wp-content\/uploads\/2026\/02\/cropped-cropped-favicon512.png?fit=512%2C512&ssl=1&resize=350%2C200","width":350,"height":200},"classes":[]},{"id":3331,"url":"https:\/\/marcostejedor.com\/en\/works-test\/","url_meta":{"origin":2455,"position":2},"title":"WORKS TEST","author":"marcostejedorartwork","date":"24 de April de 2026","format":false,"excerpt":"UNSAID Acrylic on canvas 73 x 50 cm 2026 UNSAID Acrylic on canvas 73 x 50 cm 2026 UNSAID Acrylic on canvas 73 x 50 cm 2026 UNSAID Acrylic on canvas 73 x 50 cm 2026 UNSAID Acrylic on canvas 73 x 50 cm 2026","rel":"","context":"Similar post","block_context":{"text":"Similar post","link":""},"img":{"alt_text":"","src":"https:\/\/i0.wp.com\/marcostejedor.com\/wp-content\/uploads\/2026\/04\/joven-perla.jpg?resize=350%2C200&ssl=1","width":350,"height":200,"srcset":"https:\/\/i0.wp.com\/marcostejedor.com\/wp-content\/uploads\/2026\/04\/joven-perla.jpg?resize=350%2C200&ssl=1 1x, https:\/\/i0.wp.com\/marcostejedor.com\/wp-content\/uploads\/2026\/04\/joven-perla.jpg?resize=525%2C300&ssl=1 1.5x, https:\/\/i0.wp.com\/marcostejedor.com\/wp-content\/uploads\/2026\/04\/joven-perla.jpg?resize=700%2C400&ssl=1 2x"},"classes":[]},{"id":696,"url":"https:\/\/marcostejedor.com\/en\/experience\/","url_meta":{"origin":2455,"position":3},"title":"BIOGRAPHY","author":"marcostejedorartwork","date":"14 de February de 2026","format":false,"excerpt":"Marcos Tejedor (Le\u00f3n, Espa\u00f1a, 1983) es un pintor, ilustrador, fot\u00f3grafo y dise\u00f1ador gr\u00e1fico conectado con el lado m\u00e1s profundo de la condici\u00f3n humana. Su t\u00e9cnica, siempre impecable, se despliega sin excepci\u00f3n al servicio de una mirada que no olvida que al otro lado de la fuerza de un rostro suele\u2026","rel":"","context":"Similar post","block_context":{"text":"Similar post","link":""},"img":{"alt_text":"MARCOS TEJEDOR ARTE CONTEMPOR\u00c1NEO RETRATOS","src":"https:\/\/i0.wp.com\/marcostejedor.com\/wp-content\/uploads\/2026\/02\/PREVISUALIZACION.png?fit=500%2C492&ssl=1&resize=350%2C200","width":350,"height":200},"classes":[]},{"id":2107,"url":"https:\/\/marcostejedor.com\/en\/google490468da53d19499\/","url_meta":{"origin":2455,"position":4},"title":"google490468da53d19499","author":"marcostejedorartwork","date":"18 de February de 2026","format":false,"excerpt":"","rel":"","context":"Similar post","block_context":{"text":"Similar post","link":""},"img":{"alt_text":"","src":"","width":0,"height":0},"classes":[]},{"id":3099,"url":"https:\/\/marcostejedor.com\/en\/works-old\/","url_meta":{"origin":2455,"position":5},"title":"ICONS","author":"marcostejedorartwork","date":"9 de April de 2026","format":false,"excerpt":"","rel":"","context":"Similar post","block_context":{"text":"Similar post","link":""},"img":{"alt_text":"","src":"","width":0,"height":0},"classes":[]}],"_links":{"self":[{"href":"https:\/\/marcostejedor.com\/en\/wp-json\/wp\/v2\/pages\/2455","targetHints":{"allow":["GET"]}}],"collection":[{"href":"https:\/\/marcostejedor.com\/en\/wp-json\/wp\/v2\/pages"}],"about":[{"href":"https:\/\/marcostejedor.com\/en\/wp-json\/wp\/v2\/types\/page"}],"author":[{"embeddable":true,"href":"https:\/\/marcostejedor.com\/en\/wp-json\/wp\/v2\/users\/277266443"}],"replies":[{"embeddable":true,"href":"https:\/\/marcostejedor.com\/en\/wp-json\/wp\/v2\/comments?post=2455"}],"version-history":[{"count":21,"href":"https:\/\/marcostejedor.com\/en\/wp-json\/wp\/v2\/pages\/2455\/revisions"}],"predecessor-version":[{"id":2713,"href":"https:\/\/marcostejedor.com\/en\/wp-json\/wp\/v2\/pages\/2455\/revisions\/2713"}],"wp:featuredmedia":[{"embeddable":true,"href":"https:\/\/marcostejedor.com\/en\/wp-json\/wp\/v2\/media\/2394"}],"wp:attachment":[{"href":"https:\/\/marcostejedor.com\/en\/wp-json\/wp\/v2\/media?parent=2455"}],"curies":[{"name":"wp","href":"https:\/\/api.w.org\/{rel}","templated":true}]}}