{"id":3331,"date":"2026-04-24T22:52:40","date_gmt":"2026-04-24T20:52:40","guid":{"rendered":"https:\/\/marcostejedor.com\/?page_id=3331"},"modified":"2026-04-25T00:59:08","modified_gmt":"2026-04-24T22:59:08","slug":"works-test","status":"publish","type":"page","link":"https:\/\/marcostejedor.com\/en\/works-test\/","title":{"rendered":"WORKS TEST"},"content":{"rendered":"<div data-elementor-type=\"wp-page\" data-elementor-id=\"3331\" class=\"elementor elementor-3331\" data-elementor-post-type=\"page\">\n\t\t\t\t<div class=\"elementor-element elementor-element-b07bfa0 e-con-full e-flex e-con e-parent\" data-id=\"b07bfa0\" data-element_type=\"container\" data-e-type=\"container\" data-settings=\"{&quot;background_background&quot;:&quot;classic&quot;}\">\n\t\t\t\t<div class=\"elementor-element elementor-element-5a1c95a elementor-widget elementor-widget-image\" data-id=\"5a1c95a\" data-element_type=\"widget\" data-e-type=\"widget\" data-widget_type=\"image.default\">\n\t\t\t\t\t\t\t\t\t\t\t\t\t\t\t<img fetchpriority=\"high\" decoding=\"async\" data-attachment-id=\"3161\" data-permalink=\"https:\/\/marcostejedor.com\/en\/joven-perla\/\" data-orig-file=\"https:\/\/i0.wp.com\/marcostejedor.com\/wp-content\/uploads\/2026\/04\/joven-perla.jpg?fit=1200%2C1482&amp;ssl=1\" data-orig-size=\"1200,1482\" data-comments-opened=\"1\" data-image-meta=\"{&quot;aperture&quot;:&quot;1.6&quot;,&quot;credit&quot;:&quot;&quot;,&quot;camera&quot;:&quot;iPhone 13&quot;,&quot;caption&quot;:&quot;&quot;,&quot;created_timestamp&quot;:&quot;1776954240&quot;,&quot;copyright&quot;:&quot;&quot;,&quot;focal_length&quot;:&quot;5.1&quot;,&quot;iso&quot;:&quot;400&quot;,&quot;shutter_speed&quot;:&quot;0.016666666666667&quot;,&quot;title&quot;:&quot;&quot;,&quot;orientation&quot;:&quot;1&quot;}\" data-image-title=\"\" data-image-description=\"&lt;p&gt;Acrylic on canvas&lt;br \/&gt;73 x 50 cm&lt;br \/&gt;2026&lt;\/p&gt;\" data-image-caption=\"&lt;p&gt;UNSAID&lt;\/p&gt;\" data-large-file=\"https:\/\/i0.wp.com\/marcostejedor.com\/wp-content\/uploads\/2026\/04\/joven-perla.jpg?fit=648%2C800&amp;ssl=1\" width=\"1200\" height=\"1482\" src=\"https:\/\/i0.wp.com\/marcostejedor.com\/wp-content\/uploads\/2026\/04\/joven-perla.jpg?fit=1200%2C1482&amp;ssl=1\" class=\"attachment-2048x2048 size-2048x2048 wp-image-3161\" alt=\"\" \/>\t\t\t\t\t\t\t\t\t\t\t\t\t\t\t<\/div>\n\t\t\t\t<div class=\"elementor-element elementor-element-30c8663 elementor-widget__width-initial elementor-widget-mobile__width-inherit elementor-widget elementor-widget-heading\" data-id=\"30c8663\" data-element_type=\"widget\" data-e-type=\"widget\" data-widget_type=\"heading.default\">\n\t\t\t\t\t<h2 class=\"elementor-heading-title elementor-size-default\"><strong>UNSAID<\/strong><br>\nAcrylic on canvas<br>\n73 x 50 cm<br>\n2026<\/h2>\t\t\t\t<\/div>\n\t\t\t\t<\/div>\n\t\t<div class=\"elementor-element elementor-element-d986bf4 e-con-full e-flex e-con e-parent\" data-id=\"d986bf4\" data-element_type=\"container\" data-e-type=\"container\">\n\t\t\t\t<div class=\"elementor-element elementor-element-40a45f5 elementor-widget elementor-widget-image\" data-id=\"40a45f5\" data-element_type=\"widget\" data-e-type=\"widget\" data-widget_type=\"image.default\">\n\t\t\t\t\t\t\t\t\t\t\t\t\t\t\t<img decoding=\"async\" data-attachment-id=\"210\" data-permalink=\"https:\/\/marcostejedor.com\/en\/rosaliaaaa-2\/\" data-orig-file=\"https:\/\/i0.wp.com\/marcostejedor.com\/wp-content\/uploads\/2026\/02\/rosaliaaaa-1.webp?fit=1640%2C1746&amp;ssl=1\" data-orig-size=\"1640,1746\" data-comments-opened=\"1\" data-image-meta=\"{&quot;aperture&quot;:&quot;0&quot;,&quot;credit&quot;:&quot;&quot;,&quot;camera&quot;:&quot;&quot;,&quot;caption&quot;:&quot;&quot;,&quot;created_timestamp&quot;:&quot;0&quot;,&quot;copyright&quot;:&quot;&quot;,&quot;focal_length&quot;:&quot;0&quot;,&quot;iso&quot;:&quot;0&quot;,&quot;shutter_speed&quot;:&quot;0&quot;,&quot;title&quot;:&quot;&quot;,&quot;orientation&quot;:&quot;0&quot;}\" data-image-title=\"rosaliaaaa\" data-image-description=\"\" data-image-caption=\"\" data-large-file=\"https:\/\/i0.wp.com\/marcostejedor.com\/wp-content\/uploads\/2026\/02\/rosaliaaaa-1.webp?fit=751%2C800&amp;ssl=1\" width=\"1640\" height=\"1746\" data-src=\"https:\/\/i0.wp.com\/marcostejedor.com\/wp-content\/uploads\/2026\/02\/rosaliaaaa-1.webp?fit=1640%2C1746&amp;ssl=1\" class=\"attachment-2048x2048 size-2048x2048 wp-image-210 lazyload\" alt=\"\" data-srcset=\"https:\/\/i0.wp.com\/marcostejedor.com\/wp-content\/uploads\/2026\/02\/rosaliaaaa-1.webp?w=1640&amp;ssl=1 1640w, https:\/\/i0.wp.com\/marcostejedor.com\/wp-content\/uploads\/2026\/02\/rosaliaaaa-1.webp?resize=282%2C300&amp;ssl=1 282w, https:\/\/i0.wp.com\/marcostejedor.com\/wp-content\/uploads\/2026\/02\/rosaliaaaa-1.webp?resize=751%2C800&amp;ssl=1 751w, https:\/\/i0.wp.com\/marcostejedor.com\/wp-content\/uploads\/2026\/02\/rosaliaaaa-1.webp?resize=768%2C818&amp;ssl=1 768w, https:\/\/i0.wp.com\/marcostejedor.com\/wp-content\/uploads\/2026\/02\/rosaliaaaa-1.webp?resize=1443%2C1536&amp;ssl=1 1443w\" data-sizes=\"(max-width: 800px) 100vw, 800px\" src=\"data:image\/svg+xml;base64,PHN2ZyB3aWR0aD0iMSIgaGVpZ2h0PSIxIiB4bWxucz0iaHR0cDovL3d3dy53My5vcmcvMjAwMC9zdmciPjwvc3ZnPg==\" style=\"--smush-placeholder-width: 1640px; --smush-placeholder-aspect-ratio: 1640\/1746;\" \/>\t\t\t\t\t\t\t\t\t\t\t\t\t\t\t<\/div>\n\t\t\t\t<div class=\"elementor-element elementor-element-8e67d3c elementor-widget__width-initial elementor-widget-mobile__width-inherit elementor-widget elementor-widget-heading\" data-id=\"8e67d3c\" data-element_type=\"widget\" data-e-type=\"widget\" data-widget_type=\"heading.default\">\n\t\t\t\t\t<h2 class=\"elementor-heading-title elementor-size-default\"><strong>UNSAID<\/strong><br>\nAcrylic on canvas<br>\n73 x 50 cm<br>\n2026<\/h2>\t\t\t\t<\/div>\n\t\t\t\t<\/div>\n\t\t<div class=\"elementor-element elementor-element-f81d1d9 e-con-full e-flex e-con e-parent\" data-id=\"f81d1d9\" data-element_type=\"container\" data-e-type=\"container\">\n\t\t\t\t<div class=\"elementor-element elementor-element-56ad019 elementor-widget elementor-widget-image\" data-id=\"56ad019\" data-element_type=\"widget\" data-e-type=\"widget\" data-widget_type=\"image.default\">\n\t\t\t\t\t\t\t\t\t\t\t\t\t\t\t<img decoding=\"async\" data-attachment-id=\"61\" data-permalink=\"https:\/\/marcostejedor.com\/en\/mickjaggerr-4\/\" data-orig-file=\"https:\/\/i0.wp.com\/marcostejedor.com\/wp-content\/uploads\/2026\/02\/mickjaggerr-3.webp?fit=1320%2C1746&amp;ssl=1\" data-orig-size=\"1320,1746\" data-comments-opened=\"1\" data-image-meta=\"{&quot;aperture&quot;:&quot;0&quot;,&quot;credit&quot;:&quot;&quot;,&quot;camera&quot;:&quot;&quot;,&quot;caption&quot;:&quot;&quot;,&quot;created_timestamp&quot;:&quot;0&quot;,&quot;copyright&quot;:&quot;&quot;,&quot;focal_length&quot;:&quot;0&quot;,&quot;iso&quot;:&quot;0&quot;,&quot;shutter_speed&quot;:&quot;0&quot;,&quot;title&quot;:&quot;&quot;,&quot;orientation&quot;:&quot;0&quot;}\" data-image-title=\"Acrylic on canvas. 81&amp;#215;60 cm. 2025\" data-image-description=\"\" data-image-caption=\"&lt;p&gt;Before the Icon&lt;\/p&gt;\" data-large-file=\"https:\/\/i0.wp.com\/marcostejedor.com\/wp-content\/uploads\/2026\/02\/mickjaggerr-3.webp?fit=605%2C800&amp;ssl=1\" width=\"1320\" height=\"1746\" data-src=\"https:\/\/i0.wp.com\/marcostejedor.com\/wp-content\/uploads\/2026\/02\/mickjaggerr-3.webp?fit=1320%2C1746&amp;ssl=1\" class=\"attachment-2048x2048 size-2048x2048 wp-image-61 lazyload\" alt=\"\" data-srcset=\"https:\/\/i0.wp.com\/marcostejedor.com\/wp-content\/uploads\/2026\/02\/mickjaggerr-3.webp?w=1320&amp;ssl=1 1320w, https:\/\/i0.wp.com\/marcostejedor.com\/wp-content\/uploads\/2026\/02\/mickjaggerr-3.webp?resize=227%2C300&amp;ssl=1 227w, https:\/\/i0.wp.com\/marcostejedor.com\/wp-content\/uploads\/2026\/02\/mickjaggerr-3.webp?resize=774%2C1024&amp;ssl=1 774w, https:\/\/i0.wp.com\/marcostejedor.com\/wp-content\/uploads\/2026\/02\/mickjaggerr-3.webp?resize=768%2C1016&amp;ssl=1 768w, https:\/\/i0.wp.com\/marcostejedor.com\/wp-content\/uploads\/2026\/02\/mickjaggerr-3.webp?resize=1161%2C1536&amp;ssl=1 1161w, https:\/\/i0.wp.com\/marcostejedor.com\/wp-content\/uploads\/2026\/02\/mickjaggerr-3.webp?resize=1200%2C1587&amp;ssl=1 1200w\" data-sizes=\"(max-width: 800px) 100vw, 800px\" src=\"data:image\/svg+xml;base64,PHN2ZyB3aWR0aD0iMSIgaGVpZ2h0PSIxIiB4bWxucz0iaHR0cDovL3d3dy53My5vcmcvMjAwMC9zdmciPjwvc3ZnPg==\" style=\"--smush-placeholder-width: 1320px; --smush-placeholder-aspect-ratio: 1320\/1746;\" \/>\t\t\t\t\t\t\t\t\t\t\t\t\t\t\t<\/div>\n\t\t\t\t<div class=\"elementor-element elementor-element-8b608e3 elementor-widget__width-initial elementor-widget-mobile__width-inherit elementor-widget elementor-widget-heading\" data-id=\"8b608e3\" data-element_type=\"widget\" data-e-type=\"widget\" data-widget_type=\"heading.default\">\n\t\t\t\t\t<h2 class=\"elementor-heading-title elementor-size-default\"><strong>UNSAID<\/strong><br>\nAcrylic on canvas<br>\n73 x 50 cm<br>\n2026<\/h2>\t\t\t\t<\/div>\n\t\t\t\t<\/div>\n\t\t<div class=\"elementor-element elementor-element-1813e60 e-con-full e-flex e-con e-parent\" data-id=\"1813e60\" data-element_type=\"container\" data-e-type=\"container\">\n\t\t\t\t<div class=\"elementor-element elementor-element-6eef692 elementor-widget elementor-widget-image\" data-id=\"6eef692\" data-element_type=\"widget\" data-e-type=\"widget\" data-widget_type=\"image.default\">\n\t\t\t\t\t\t\t\t\t\t\t\t\t\t\t<img decoding=\"async\" data-attachment-id=\"3190\" data-permalink=\"https:\/\/marcostejedor.com\/en\/bacon_3\/\" data-orig-file=\"https:\/\/i0.wp.com\/marcostejedor.com\/wp-content\/uploads\/2026\/04\/bacon_3.jpg?fit=1000%2C1350&amp;ssl=1\" data-orig-size=\"1000,1350\" data-comments-opened=\"1\" data-image-meta=\"{&quot;aperture&quot;:&quot;1.6&quot;,&quot;credit&quot;:&quot;&quot;,&quot;camera&quot;:&quot;iPhone 13&quot;,&quot;caption&quot;:&quot;&quot;,&quot;created_timestamp&quot;:&quot;1776722121&quot;,&quot;copyright&quot;:&quot;&quot;,&quot;focal_length&quot;:&quot;5.1&quot;,&quot;iso&quot;:&quot;250&quot;,&quot;shutter_speed&quot;:&quot;0.02&quot;,&quot;title&quot;:&quot;&quot;,&quot;orientation&quot;:&quot;1&quot;}\" data-image-title=\"Acrylic on canvas. 81&amp;#215;60 cm. 2026.\" data-image-description=\"\" data-image-caption=\"&lt;p&gt;Contained Collapse&lt;\/p&gt;\" data-large-file=\"https:\/\/i0.wp.com\/marcostejedor.com\/wp-content\/uploads\/2026\/04\/bacon_3.jpg?fit=593%2C800&amp;ssl=1\" width=\"1000\" height=\"1350\" data-src=\"https:\/\/i0.wp.com\/marcostejedor.com\/wp-content\/uploads\/2026\/04\/bacon_3.jpg?fit=1000%2C1350&amp;ssl=1\" class=\"attachment-2048x2048 size-2048x2048 wp-image-3190 lazyload\" alt=\"\" src=\"data:image\/svg+xml;base64,PHN2ZyB3aWR0aD0iMSIgaGVpZ2h0PSIxIiB4bWxucz0iaHR0cDovL3d3dy53My5vcmcvMjAwMC9zdmciPjwvc3ZnPg==\" style=\"--smush-placeholder-width: 1000px; --smush-placeholder-aspect-ratio: 1000\/1350;\" \/>\t\t\t\t\t\t\t\t\t\t\t\t\t\t\t<\/div>\n\t\t\t\t<div class=\"elementor-element elementor-element-729a715 elementor-widget__width-initial elementor-widget-mobile__width-inherit elementor-widget elementor-widget-heading\" data-id=\"729a715\" data-element_type=\"widget\" data-e-type=\"widget\" data-widget_type=\"heading.default\">\n\t\t\t\t\t<h2 class=\"elementor-heading-title elementor-size-default\"><strong>UNSAID<\/strong><br>\nAcrylic on canvas<br>\n73 x 50 cm<br>\n2026<\/h2>\t\t\t\t<\/div>\n\t\t\t\t<\/div>\n\t\t<div class=\"elementor-element elementor-element-45d9da5 e-con-full e-flex e-con e-parent\" data-id=\"45d9da5\" data-element_type=\"container\" data-e-type=\"container\">\n\t\t\t\t<div class=\"elementor-element elementor-element-edac8f9 elementor-widget elementor-widget-image\" data-id=\"edac8f9\" data-element_type=\"widget\" data-e-type=\"widget\" data-widget_type=\"image.default\">\n\t\t\t\t\t\t\t\t\t\t\t\t\t\t\t<img decoding=\"async\" data-attachment-id=\"3127\" data-permalink=\"https:\/\/marcostejedor.com\/en\/built-in-obsesion\/\" data-orig-file=\"https:\/\/i0.wp.com\/marcostejedor.com\/wp-content\/uploads\/2026\/04\/built-in-obsesion.jpg?fit=1200%2C1466&amp;ssl=1\" data-orig-size=\"1200,1466\" data-comments-opened=\"1\" data-image-meta=\"{&quot;aperture&quot;:&quot;1.6&quot;,&quot;credit&quot;:&quot;&quot;,&quot;camera&quot;:&quot;iPhone 13&quot;,&quot;caption&quot;:&quot;&quot;,&quot;created_timestamp&quot;:&quot;1776487358&quot;,&quot;copyright&quot;:&quot;&quot;,&quot;focal_length&quot;:&quot;5.1&quot;,&quot;iso&quot;:&quot;160&quot;,&quot;shutter_speed&quot;:&quot;0.02&quot;,&quot;title&quot;:&quot;&quot;,&quot;orientation&quot;:&quot;1&quot;}\" data-image-title=\"Acrylic on canvas. 73&amp;#215;60 cm. 2026.\" data-image-description=\"\" data-image-caption=\"&lt;p&gt;Built in obsesion&lt;\/p&gt;\" data-large-file=\"https:\/\/i0.wp.com\/marcostejedor.com\/wp-content\/uploads\/2026\/04\/built-in-obsesion.jpg?fit=655%2C800&amp;ssl=1\" width=\"1200\" height=\"1466\" data-src=\"https:\/\/i0.wp.com\/marcostejedor.com\/wp-content\/uploads\/2026\/04\/built-in-obsesion.jpg?fit=1200%2C1466&amp;ssl=1\" class=\"attachment-2048x2048 size-2048x2048 wp-image-3127 lazyload\" alt=\"\" src=\"data:image\/svg+xml;base64,PHN2ZyB3aWR0aD0iMSIgaGVpZ2h0PSIxIiB4bWxucz0iaHR0cDovL3d3dy53My5vcmcvMjAwMC9zdmciPjwvc3ZnPg==\" style=\"--smush-placeholder-width: 1200px; --smush-placeholder-aspect-ratio: 1200\/1466;\" \/>\t\t\t\t\t\t\t\t\t\t\t\t\t\t\t<\/div>\n\t\t\t\t<div class=\"elementor-element elementor-element-d0f4a18 elementor-widget__width-initial elementor-widget-mobile__width-inherit elementor-widget elementor-widget-heading\" data-id=\"d0f4a18\" data-element_type=\"widget\" data-e-type=\"widget\" data-widget_type=\"heading.default\">\n\t\t\t\t\t<h2 class=\"elementor-heading-title elementor-size-default\"><strong>UNSAID<\/strong><br>\nAcrylic on canvas<br>\n73 x 50 cm<br>\n2026<\/h2>\t\t\t\t<\/div>\n\t\t\t\t<\/div>\n\t\t\t\t<\/div>","protected":false},"excerpt":{"rendered":"<p>UNSAID Acrylic on canvas 73 x 50 cm 2026 UNSAID Acrylic on canvas 73 x 50 cm 2026 UNSAID Acrylic on canvas 73 x 50 cm 2026 UNSAID Acrylic on canvas 73 x 50 cm 2026 UNSAID Acrylic on canvas 73 x 50 cm 2026<\/p>","protected":false},"author":277266443,"featured_media":0,"parent":0,"menu_order":0,"comment_status":"closed","ping_status":"closed","template":"elementor_header_footer","meta":{"_crdt_document":"","footnotes":""},"class_list":["post-3331","page","type-page","status-publish","hentry"],"jetpack_likes_enabled":true,"jetpack_sharing_enabled":true,"jetpack_shortlink":"https:\/\/wp.me\/Ph5FYD-RJ","jetpack-related-posts":[{"id":692,"url":"https:\/\/marcostejedor.com\/en\/works\/","url_meta":{"origin":3331,"position":0},"title":"WORKS","author":"marcostejedorartwork","date":"14 de February de 2026","format":false,"excerpt":"El trabajo de Marcos Tejedor parte de la imagen reconocible: rostros que ya existen en la memoria colectiva, iconos que forman parte de un imaginario com\u00fan.Su obra dialoga con la tradici\u00f3n del retrato contempor\u00e1neo, situ\u00e1ndose en un punto intermedio entre la construcci\u00f3n ic\u00f3nica asociada al pop art y una aproximaci\u00f3n\u2026","rel":"","context":"Similar post","block_context":{"text":"Similar post","link":""},"img":{"alt_text":"MARCOS TEJEDOR ARTE CONTEMPOR\u00c1NEO RETRATOS","src":"https:\/\/i0.wp.com\/marcostejedor.com\/wp-content\/uploads\/2026\/02\/PREVISUALIZACION.png?fit=500%2C492&ssl=1&resize=350%2C200","width":350,"height":200},"classes":[]},{"id":2024,"url":"https:\/\/marcostejedor.com\/en\/mujeres-sobre-fondo-rojo\/","url_meta":{"origin":3331,"position":1},"title":"WOMEN ON A RED BACKGROUND","author":"marcostejedorartwork","date":"18 de February de 2026","format":false,"excerpt":"Mujeres Sobre Fondo Rojo nace de la pasi\u00f3n por el dibujo anat\u00f3mico femenino de Tejedor. Con una paleta muy limitada pero intensa, las mujeres, completamente azules, destacan sobre el fondo rojo cadmio oscuro, creando un contraste poderoso y expresivo. Los cuerpos, desnudos y cargados de erotismo, exploran la tensi\u00f3n entre\u2026","rel":"","context":"Similar post","block_context":{"text":"Similar post","link":""},"img":{"alt_text":"MARCOS TEJEDOR ARTE CONTEMPOR\u00c1NEO RETRATOS","src":"https:\/\/i0.wp.com\/marcostejedor.com\/wp-content\/uploads\/2026\/02\/cropped-PREVISUALIZACION.png?fit=512%2C512&ssl=1&resize=350%2C200","width":350,"height":200},"classes":[]},{"id":1604,"url":"https:\/\/marcostejedor.com\/en\/prints\/","url_meta":{"origin":3331,"position":2},"title":"PRINTS","author":"marcostejedorartwork","date":"16 de February de 2026","format":false,"excerpt":"Obra Impresa 50x70 cm Podemos reproducir cualquiera de las obras que se encuentran en la web y envi\u00e1rtelas a domicilio. Esta edici\u00f3n no es simplemente una l\u00e1mina: es una manera de acercarte al universo creativo del artista y formar parte de \u00e9l. Cada impresi\u00f3n lleva la firma original a l\u00e1piz\u2026","rel":"","context":"Similar post","block_context":{"text":"Similar post","link":""},"img":{"alt_text":"MARCOS TEJEDOR ARTE CONTEMPOR\u00c1NEO RETRATOS","src":"https:\/\/i0.wp.com\/marcostejedor.com\/wp-content\/uploads\/2026\/02\/cropped-PREVISUALIZACION.png?fit=512%2C512&ssl=1&resize=350%2C200","width":350,"height":200},"classes":[]},{"id":3099,"url":"https:\/\/marcostejedor.com\/en\/works-old\/","url_meta":{"origin":3331,"position":3},"title":"ICONS","author":"marcostejedorartwork","date":"9 de April de 2026","format":false,"excerpt":"","rel":"","context":"Similar post","block_context":{"text":"Similar post","link":""},"img":{"alt_text":"","src":"","width":0,"height":0},"classes":[]},{"id":2455,"url":"https:\/\/marcostejedor.com\/en\/condiciones-de-compra\/","url_meta":{"origin":3331,"position":4},"title":"Condiciones de compra","author":"marcostejedorartwork","date":"22 de February de 2026","format":false,"excerpt":"CONDICIONES DE COMPRA Todas las compras que se realicen a trav\u00e9s del portal natalideas.com (en adelante, la Web), propiedad de Marcos Tejedor (en adelante, MARCOSTEJEDOR), est\u00e1n sujetas a las condiciones generales recogidas en el aviso legal. Las Condiciones Generales prevalecen sobre las Condiciones de Compra On-line. Todos los productos y\u2026","rel":"","context":"Similar post","block_context":{"text":"Similar post","link":""},"img":{"alt_text":"","src":"https:\/\/i0.wp.com\/marcostejedor.com\/wp-content\/uploads\/2026\/02\/cropped-cropped-favicon512.png?fit=512%2C512&ssl=1&resize=350%2C200","width":350,"height":200},"classes":[]}],"_links":{"self":[{"href":"https:\/\/marcostejedor.com\/en\/wp-json\/wp\/v2\/pages\/3331","targetHints":{"allow":["GET"]}}],"collection":[{"href":"https:\/\/marcostejedor.com\/en\/wp-json\/wp\/v2\/pages"}],"about":[{"href":"https:\/\/marcostejedor.com\/en\/wp-json\/wp\/v2\/types\/page"}],"author":[{"embeddable":true,"href":"https:\/\/marcostejedor.com\/en\/wp-json\/wp\/v2\/users\/277266443"}],"replies":[{"embeddable":true,"href":"https:\/\/marcostejedor.com\/en\/wp-json\/wp\/v2\/comments?post=3331"}],"version-history":[{"count":41,"href":"https:\/\/marcostejedor.com\/en\/wp-json\/wp\/v2\/pages\/3331\/revisions"}],"predecessor-version":[{"id":3377,"href":"https:\/\/marcostejedor.com\/en\/wp-json\/wp\/v2\/pages\/3331\/revisions\/3377"}],"wp:attachment":[{"href":"https:\/\/marcostejedor.com\/en\/wp-json\/wp\/v2\/media?parent=3331"}],"curies":[{"name":"wp","href":"https:\/\/api.w.org\/{rel}","templated":true}]}}